{"id":52,"date":"2024-07-26T07:44:52","date_gmt":"2024-07-26T07:44:52","guid":{"rendered":"https:\/\/aanekoskenkeilahalli.fi\/?page_id=52"},"modified":"2026-05-02T12:44:11","modified_gmt":"2026-05-02T12:44:11","slug":"hinnasto-ja-yhteystiedot","status":"publish","type":"page","link":"https:\/\/aanekoskenkeilahalli.fi\/?page_id=52","title":{"rendered":"Hinnasto ja yhteystiedot"},"content":{"rendered":"\n<p>Palvelemme viikon jokaisena p\u00e4iv\u00e4n\u00e4<\/p>\n\n\n\n<p>Tammi-toukokuussa 2026:<\/p>\n\n\n\n<p>ma &#8211; ti 11-19 **Maanantaina 4.5 suljemme poikkeuksellisesti klo 17 kev\u00e4tkokouksen vuoksi!<br>ke-to 12-20<br>pe-la 12-21 &#8211; hohtokeilaus klo 17-21<br>su 12-18<\/p>\n\n\n\n<p><strong>MINIGOLFKAUSI 2026 ON K\u00c4YNNISS\u00c4!<\/strong> Tervetuloa pelaamaan! Minigolfiin et tarvitse varausta!<\/p>\n\n\n\n<p>Muina aikoina avaamme ovet ryhmille sopimuksen mukaan!<\/p>\n\n\n\n<p><a href=\"https:\/\/holvi.com\/shop\/aanekoskenkeilahalli\/\">VERKKOKAUPPAMME<\/a> ON AINA AUKI! Voit ostaa lahjakortteja keilahalliin my\u00f6s digitaalisesti olinpaikasta riippumatta! Lahjakortit my\u00f6s dartsiin, pakopeliin ja minigolfiin l\u00f6yd\u00e4t verkkokaupastamme!<\/p>\n\n\n\n<ul class=\"wp-block-social-links aligncenter has-icon-color is-style-logos-only is-content-justification-right is-layout-flex wp-container-core-social-links-is-layout-d445cf74 wp-block-social-links-is-layout-flex\"><li style=\"color:#64748B;\" class=\"wp-social-link wp-social-link-facebook has-mono-2-color wp-block-social-link\"><a href=\"https:\/\/www.facebook.com\/people\/\u00c4\u00e4nekosken-keilahalli-20\/61561325976460\/\" class=\"wp-block-social-link-anchor\"><svg width=\"24\" height=\"24\" viewBox=\"0 0 24 24\" version=\"1.1\" xmlns=\"http:\/\/www.w3.org\/2000\/svg\" aria-hidden=\"true\" focusable=\"false\"><path d=\"M12 2C6.5 2 2 6.5 2 12c0 5 3.7 9.1 8.4 9.9v-7H7.9V12h2.5V9.8c0-2.5 1.5-3.9 3.8-3.9 1.1 0 2.2.2 2.2.2v2.5h-1.3c-1.2 0-1.6.8-1.6 1.6V12h2.8l-.4 2.9h-2.3v7C18.3 21.1 22 17 22 12c0-5.5-4.5-10-10-10z\"><\/path><\/svg><span class=\"wp-block-social-link-label screen-reader-text\">Facebook<\/span><\/a><\/li>\n\n<li style=\"color:#64748B;\" class=\"wp-social-link wp-social-link-instagram has-mono-2-color wp-block-social-link\"><a href=\"https:\/\/instagram.com\/aanekosken.keilahalli.2.0\" class=\"wp-block-social-link-anchor\"><svg width=\"24\" height=\"24\" viewBox=\"0 0 24 24\" version=\"1.1\" xmlns=\"http:\/\/www.w3.org\/2000\/svg\" aria-hidden=\"true\" focusable=\"false\"><path d=\"M12,4.622c2.403,0,2.688,0.009,3.637,0.052c0.877,0.04,1.354,0.187,1.671,0.31c0.42,0.163,0.72,0.358,1.035,0.673 c0.315,0.315,0.51,0.615,0.673,1.035c0.123,0.317,0.27,0.794,0.31,1.671c0.043,0.949,0.052,1.234,0.052,3.637 s-0.009,2.688-0.052,3.637c-0.04,0.877-0.187,1.354-0.31,1.671c-0.163,0.42-0.358,0.72-0.673,1.035 c-0.315,0.315-0.615,0.51-1.035,0.673c-0.317,0.123-0.794,0.27-1.671,0.31c-0.949,0.043-1.233,0.052-3.637,0.052 s-2.688-0.009-3.637-0.052c-0.877-0.04-1.354-0.187-1.671-0.31c-0.42-0.163-0.72-0.358-1.035-0.673 c-0.315-0.315-0.51-0.615-0.673-1.035c-0.123-0.317-0.27-0.794-0.31-1.671C4.631,14.688,4.622,14.403,4.622,12 s0.009-2.688,0.052-3.637c0.04-0.877,0.187-1.354,0.31-1.671c0.163-0.42,0.358-0.72,0.673-1.035 c0.315-0.315,0.615-0.51,1.035-0.673c0.317-0.123,0.794-0.27,1.671-0.31C9.312,4.631,9.597,4.622,12,4.622 M12,3 C9.556,3,9.249,3.01,8.289,3.054C7.331,3.098,6.677,3.25,6.105,3.472C5.513,3.702,5.011,4.01,4.511,4.511 c-0.5,0.5-0.808,1.002-1.038,1.594C3.25,6.677,3.098,7.331,3.054,8.289C3.01,9.249,3,9.556,3,12c0,2.444,0.01,2.751,0.054,3.711 c0.044,0.958,0.196,1.612,0.418,2.185c0.23,0.592,0.538,1.094,1.038,1.594c0.5,0.5,1.002,0.808,1.594,1.038 c0.572,0.222,1.227,0.375,2.185,0.418C9.249,20.99,9.556,21,12,21s2.751-0.01,3.711-0.054c0.958-0.044,1.612-0.196,2.185-0.418 c0.592-0.23,1.094-0.538,1.594-1.038c0.5-0.5,0.808-1.002,1.038-1.594c0.222-0.572,0.375-1.227,0.418-2.185 C20.99,14.751,21,14.444,21,12s-0.01-2.751-0.054-3.711c-0.044-0.958-0.196-1.612-0.418-2.185c-0.23-0.592-0.538-1.094-1.038-1.594 c-0.5-0.5-1.002-0.808-1.594-1.038c-0.572-0.222-1.227-0.375-2.185-0.418C14.751,3.01,14.444,3,12,3L12,3z M12,7.378 c-2.552,0-4.622,2.069-4.622,4.622S9.448,16.622,12,16.622s4.622-2.069,4.622-4.622S14.552,7.378,12,7.378z M12,15 c-1.657,0-3-1.343-3-3s1.343-3,3-3s3,1.343,3,3S13.657,15,12,15z M16.804,6.116c-0.596,0-1.08,0.484-1.08,1.08 s0.484,1.08,1.08,1.08c0.596,0,1.08-0.484,1.08-1.08S17.401,6.116,16.804,6.116z\"><\/path><\/svg><span class=\"wp-block-social-link-label screen-reader-text\">Instagram<\/span><\/a><\/li>\n\n<li style=\"color:#64748B;\" class=\"wp-social-link wp-social-link-tiktok has-mono-2-color wp-block-social-link\"><a href=\"https:\/\/www.tiktok.com\/@aanenekosken.keilahalli\" class=\"wp-block-social-link-anchor\"><svg width=\"24\" height=\"24\" viewBox=\"0 0 32 32\" version=\"1.1\" xmlns=\"http:\/\/www.w3.org\/2000\/svg\" aria-hidden=\"true\" focusable=\"false\"><path d=\"M16.708 0.027c1.745-0.027 3.48-0.011 5.213-0.027 0.105 2.041 0.839 4.12 2.333 5.563 1.491 1.479 3.6 2.156 5.652 2.385v5.369c-1.923-0.063-3.855-0.463-5.6-1.291-0.76-0.344-1.468-0.787-2.161-1.24-0.009 3.896 0.016 7.787-0.025 11.667-0.104 1.864-0.719 3.719-1.803 5.255-1.744 2.557-4.771 4.224-7.88 4.276-1.907 0.109-3.812-0.411-5.437-1.369-2.693-1.588-4.588-4.495-4.864-7.615-0.032-0.667-0.043-1.333-0.016-1.984 0.24-2.537 1.495-4.964 3.443-6.615 2.208-1.923 5.301-2.839 8.197-2.297 0.027 1.975-0.052 3.948-0.052 5.923-1.323-0.428-2.869-0.308-4.025 0.495-0.844 0.547-1.485 1.385-1.819 2.333-0.276 0.676-0.197 1.427-0.181 2.145 0.317 2.188 2.421 4.027 4.667 3.828 1.489-0.016 2.916-0.88 3.692-2.145 0.251-0.443 0.532-0.896 0.547-1.417 0.131-2.385 0.079-4.76 0.095-7.145 0.011-5.375-0.016-10.735 0.025-16.093z\" \/><\/svg><span class=\"wp-block-social-link-label screen-reader-text\">TikTok<\/span><\/a><\/li><\/ul>\n\n\n\n<hr class=\"wp-block-separator has-alpha-channel-opacity\"\/>\n\n\n\n<p><strong>Keilailun perushinta 25\u20ac<\/strong>\/rata sis\u00e4lt\u00e4en v\u00e4lineet<br>Opiskelijat, el\u00e4kel\u00e4iset, ty\u00f6tt\u00f6m\u00e4t 21\u20ac\/rata <br><strong>Hohtokeilaus 29\u20ac<\/strong>\/rata sis\u00e4lt\u00e4en v\u00e4lineet (pe-la 17-21 sek\u00e4 loma-aikoina erillisen ohjelman mukaan)<br>Opiskelijat, el\u00e4kel\u00e4iset, ty\u00f6tt\u00f6m\u00e4t 25\u20ac\/rata<\/p>\n\n\n\n<p><em>HUOM! Opiskelija-alennus tulee todentaa opiskelijakortilla! Alennus ei koske lapsia.<\/em> <\/p>\n\n\n\n<p><em>HUOM HUOM! Sopiva pelaajam\u00e4\u00e4r\u00e4 radalla on maksimissaan nelj\u00e4 pelaajaa\/tunti. Mik\u00e4li pelaajia on enemm\u00e4n suosittelemme varaamaan joko useamman radan tai pidemm\u00e4n ajan!<\/em> Nelj\u00e4 pelaajaa ehtii tunnissa pelata vain pari sarjaa. \ud83d\ude42<\/p>\n\n\n\n<p>Rekister\u00f6ityneen keilaajan treenitunti ilman ajanvarausta <strong>17\u20ac<\/strong>, rekister\u00f6idy siis ensilisenssill\u00e4 (25\u20ac) ja olet oikeutettu alennettuun hintaan!<\/p>\n\n\n\n<p>Kuukausikortti (rajaton keilaus kuukauden ajan, aina jos hallissa on tilaa) <strong>85\u20ac<\/strong><\/p>\n\n\n\n<p>10 x keilailukortti <strong>-10%<\/strong> alennuksella perushinnasta!<\/p>\n\n\n\n<p>Koululaisryhm\u00e4t <strong>4,50\u20ac<\/strong>\/oppilas\/tunti, 4 pelaajaa radalla.<\/p>\n\n\n\n<p>Lasten keilailusyntt\u00e4rit <strong>14\u20ac<\/strong>\/lapsi normaalissa keilailussa ja <strong>16\u20ac<\/strong> hohtona. Syntt\u00e4ripaketti sis\u00e4lt\u00e4\u00e4 limpparia (talon mocktail), poppareita, karkkia ja keksej\u00e4 sek\u00e4 tietenkin keilailua! Kakun saa halutessaan tuoda syntt\u00e4reille mukana \ud83d\ude42<\/p>\n\n\n\n<hr class=\"wp-block-separator has-alpha-channel-opacity\"\/>\n\n\n\n<p><strong>Minigolfkierros 6\u20ac<\/strong>\/aikuinen ja <strong>4\u20ac<\/strong>\/lapset, opiskelijat, ty\u00f6tt\u00f6m\u00e4t, el\u00e4kel\u00e4iset. HUOM! Uusintakierrokset vain 2\u20ac\/hl\u00f6!<\/p>\n\n\n\n<hr class=\"wp-block-separator has-alpha-channel-opacity\"\/>\n\n\n\n<p><strong>Darts 6\u20ac<\/strong>\/h, <em>huom! Pistelasku ymm\u00e4rt\u00e4\u00e4 enint\u00e4\u00e4n nelj\u00e4 pelaajaa kerralla!<\/em><\/p>\n\n\n\n<hr class=\"wp-block-separator has-alpha-channel-opacity\"\/>\n\n\n\n<p><strong>Double Agent -rikosmysteeri\/pakopeli<\/strong> (varattavissa puhelimitse, s\u00e4hk\u00f6postilla tai nettisivujen kotivalikon kautta) <strong>2-4hl\u00f6\u00e4 80\u20ac, 5-6hl\u00f6\u00e4 100\u20ac, 7+hl\u00f6\u00e4 140\u20ac<\/strong>! Peliaika 2 tuntia. Hinta sis\u00e4lt\u00e4\u00e4 pelitilavuokran! Kysy kimppahintaa illanviettoihin tiloissamme ;)! <em>HUOM! Kulttuuri- ja liikuntaedut eiv\u00e4t k\u00e4y maksuv\u00e4lineen\u00e4 pakopeliin.<\/em><\/p>\n\n\n\n<hr class=\"wp-block-separator has-alpha-channel-opacity\"\/>\n\n\n\n<p>Mik\u00e4li haluat pyyt\u00e4\u00e4 tarjousta ryhm\u00e4lle, l\u00e4het\u00e4 tarjouspyynt\u00f6 s\u00e4hk\u00f6postilla, niin r\u00e4\u00e4t\u00e4l\u00f6id\u00e4\u00e4n ryhm\u00e4llenne sopivan aktiivinen paketti.<\/p>\n\n\n\n<p>keilahalli@aanekoskenkeilahalli.fi<\/p>\n\n\n\n<p>Puh. 040 8283583<\/p>\n\n\n\n<hr class=\"wp-block-separator has-alpha-channel-opacity\"\/>\n\n\n\n<p>Maksutapoina k\u00e4teisen ja kortin lis\u00e4ksi <strong>SMARTUM, E-PASSI sek\u00e4 EDENRED<\/strong> liikunta- ja kulttuuriedut! K\u00e4ytett\u00e4ess\u00e4 liikuntaetuja maksutapana, veloitamme nousseiden provisiokustannusten vuoksi maksutapalis\u00e4n +1\u20ac\/h!<\/p>\n\n\n\n<hr class=\"wp-block-separator has-alpha-channel-opacity\"\/>\n\n\n\n<p>VASTAANOTAMME VAIN VERKKOLASKUJA! Etanapostiosoite: Alatie 5, 44120 \u00c4\u00e4nekoski!<\/p>\n\n\n\n<figure class=\"wp-block-table\"><table class=\"has-fixed-layout\"><tbody><tr><td>Annander Oy 3222980-3<\/td><td>Verkkolaskut: 003732229803<\/td><td>V\u00e4litt\u00e4j\u00e4tunnus: 003721291126<\/td><td>V\u00e4litt\u00e4j\u00e4: Maventa<\/td><\/tr><\/tbody><\/table><\/figure>\n\n\n<p><iframe loading=\"lazy\" width=\"853\" height=\"480\" src=\"https:\/\/my.matterport.com\/show\/?m=Zff5ymA1vtc\" frameborder=\"0\" allowfullscreen allow=\"autoplay; fullscreen; web-share; xr-spatial-tracking;\"><\/iframe><\/p>","protected":false},"excerpt":{"rendered":"<p>Palvelemme viikon jokaisena p\u00e4iv\u00e4n\u00e4 Tammi-toukokuussa 2026: ma &#8211; ti 11-19 **Maanantaina 4.5 suljemme poikkeuksellisesti klo 17 kev\u00e4tkokouksen vuoksi!ke-to 12-20pe-la 12-21 &#8211; hohtokeilaus klo 17-21su 12-18 MINIGOLFKAUSI 2026 ON K\u00c4YNNISS\u00c4! Tervetuloa pelaamaan! Minigolfiin et tarvitse varausta! Muina aikoina avaamme ovet ryhmille sopimuksen mukaan! VERKKOKAUPPAMME ON AINA AUKI! Voit ostaa lahjakortteja keilahalliin my\u00f6s digitaalisesti olinpaikasta riippumatta! Lahjakortit [&hellip;]<\/p>\n","protected":false},"author":1,"featured_media":0,"parent":0,"menu_order":0,"comment_status":"closed","ping_status":"closed","template":"","meta":{"footnotes":""},"class_list":["post-52","page","type-page","status-publish","hentry"],"_links":{"self":[{"href":"https:\/\/aanekoskenkeilahalli.fi\/index.php?rest_route=\/wp\/v2\/pages\/52","targetHints":{"allow":["GET"]}}],"collection":[{"href":"https:\/\/aanekoskenkeilahalli.fi\/index.php?rest_route=\/wp\/v2\/pages"}],"about":[{"href":"https:\/\/aanekoskenkeilahalli.fi\/index.php?rest_route=\/wp\/v2\/types\/page"}],"author":[{"embeddable":true,"href":"https:\/\/aanekoskenkeilahalli.fi\/index.php?rest_route=\/wp\/v2\/users\/1"}],"replies":[{"embeddable":true,"href":"https:\/\/aanekoskenkeilahalli.fi\/index.php?rest_route=%2Fwp%2Fv2%2Fcomments&post=52"}],"version-history":[{"count":45,"href":"https:\/\/aanekoskenkeilahalli.fi\/index.php?rest_route=\/wp\/v2\/pages\/52\/revisions"}],"predecessor-version":[{"id":1149,"href":"https:\/\/aanekoskenkeilahalli.fi\/index.php?rest_route=\/wp\/v2\/pages\/52\/revisions\/1149"}],"wp:attachment":[{"href":"https:\/\/aanekoskenkeilahalli.fi\/index.php?rest_route=%2Fwp%2Fv2%2Fmedia&parent=52"}],"curies":[{"name":"wp","href":"https:\/\/api.w.org\/{rel}","templated":true}]}}