{"id":28,"date":"2024-07-03T17:39:53","date_gmt":"2024-07-03T17:39:53","guid":{"rendered":"https:\/\/aanekoskenkeilahalli.fi\/?page_id=28"},"modified":"2026-04-15T08:55:08","modified_gmt":"2026-04-15T08:55:08","slug":"kilpailut","status":"publish","type":"page","link":"https:\/\/aanekoskenkeilahalli.fi\/?page_id=28","title":{"rendered":"Kilpailut"},"content":{"rendered":"\n<p><strong>Vuonna 2026 \u00c4\u00e4nekosken keilahallilla pelataan yhteens\u00e4 5 isompaa erikoiskilpailua, joihin JOKAISEEN osallistumalla p\u00e4\u00e4see mukaan arvontaan, jossa koko vuoden erikoiskisasuorituksista ker\u00e4tty potti arvotaan jollekin onnekkaalle!<\/strong> Suorituksia, eli potin kertymist\u00e4, seurataan t\u00e4ll\u00e4 sivulla! Ensimm\u00e4inen viidest\u00e4 vuosikisan kisasta oli Kosken Kaatajien erikoiskilpailu, <strong>jonka on nyt pelattu!!<\/strong> Kisaajia Koskan paukuissa k\u00e4vi noin 90 ja suorituksia kertyi 230 kpl! T\u00e4m\u00e4 tarkoittaa, ett\u00e4 ensimm\u00e4isen vuosikisan j\u00e4lkeen arvottavaan pottiin on kertynyt jo 115\u20ac!!! <strong>VIEL\u00c4 PARIN VIIKON AJAN \u00c4\u00e4nekoskella JA Saarij\u00e4rvell\u00e4 pelataan \u00c4\u00e4nekosken keilailuliiton erikoiskisaa!<\/strong> Kilpailu on \u00c4\u00e4nekoskella vuosikisa 2\/5, sek\u00e4 molemmissa halleissa my\u00f6s Keski-Suomi Ranking osakilpailu! Kilpailuvuoroja on halleissa per\u00e4kk\u00e4in melkein joka p\u00e4iv\u00e4, joten kauempaakin on yksinkertaista l\u00e4hte\u00e4 keilaamaan kisoja :)! Heti \u00c4\u00e4koo\u00e4ll\u00e4n kisan per\u00e4\u00e4n alkaa hallin oma muhkea <strong>kes\u00e4kisa 2.0<\/strong>, jonka ilmoitus l\u00f6ytyy jo scrollailemalla t\u00e4t\u00e4 sivua alasp\u00e4in.<\/p>\n\n\n\n<figure class=\"wp-block-gallery has-nested-images columns-default is-cropped wp-block-gallery-1 is-layout-flex wp-block-gallery-is-layout-flex\">\n<figure class=\"wp-block-image size-large\"><img loading=\"lazy\" decoding=\"async\" width=\"724\" height=\"1024\" data-id=\"905\" src=\"https:\/\/aanekoskenkeilahalli.fi\/wp-content\/uploads\/2025\/12\/kisavuosi-2026-2-724x1024.jpg\" alt=\"\" class=\"wp-image-905\" srcset=\"https:\/\/aanekoskenkeilahalli.fi\/wp-content\/uploads\/2025\/12\/kisavuosi-2026-2-724x1024.jpg 724w, https:\/\/aanekoskenkeilahalli.fi\/wp-content\/uploads\/2025\/12\/kisavuosi-2026-2-212x300.jpg 212w, https:\/\/aanekoskenkeilahalli.fi\/wp-content\/uploads\/2025\/12\/kisavuosi-2026-2-768x1086.jpg 768w, https:\/\/aanekoskenkeilahalli.fi\/wp-content\/uploads\/2025\/12\/kisavuosi-2026-2-1086x1536.jpg 1086w, https:\/\/aanekoskenkeilahalli.fi\/wp-content\/uploads\/2025\/12\/kisavuosi-2026-2-1448x2048.jpg 1448w, https:\/\/aanekoskenkeilahalli.fi\/wp-content\/uploads\/2025\/12\/kisavuosi-2026-2.jpg 1587w\" sizes=\"auto, (max-width: 724px) 100vw, 724px\" \/><\/figure>\n\n\n\n<figure class=\"wp-block-image size-large\"><img loading=\"lazy\" decoding=\"async\" width=\"724\" height=\"1024\" data-id=\"889\" src=\"https:\/\/aanekoskenkeilahalli.fi\/wp-content\/uploads\/2025\/12\/KILPAILUT-724x1024.jpg\" alt=\"\" class=\"wp-image-889\" srcset=\"https:\/\/aanekoskenkeilahalli.fi\/wp-content\/uploads\/2025\/12\/KILPAILUT-724x1024.jpg 724w, https:\/\/aanekoskenkeilahalli.fi\/wp-content\/uploads\/2025\/12\/KILPAILUT-212x300.jpg 212w, https:\/\/aanekoskenkeilahalli.fi\/wp-content\/uploads\/2025\/12\/KILPAILUT-768x1086.jpg 768w, https:\/\/aanekoskenkeilahalli.fi\/wp-content\/uploads\/2025\/12\/KILPAILUT-1086x1536.jpg 1086w, https:\/\/aanekoskenkeilahalli.fi\/wp-content\/uploads\/2025\/12\/KILPAILUT-1448x2048.jpg 1448w, https:\/\/aanekoskenkeilahalli.fi\/wp-content\/uploads\/2025\/12\/KILPAILUT.jpg 1587w\" sizes=\"auto, (max-width: 724px) 100vw, 724px\" \/><\/figure>\n\n\n\n<figure class=\"wp-block-image size-large\"><img loading=\"lazy\" decoding=\"async\" width=\"724\" height=\"1024\" data-id=\"1045\" src=\"https:\/\/aanekoskenkeilahalli.fi\/wp-content\/uploads\/2026\/03\/AANEKOSKISAARIJARVI-3-724x1024.jpg\" alt=\"\" class=\"wp-image-1045\" srcset=\"https:\/\/aanekoskenkeilahalli.fi\/wp-content\/uploads\/2026\/03\/AANEKOSKISAARIJARVI-3-724x1024.jpg 724w, https:\/\/aanekoskenkeilahalli.fi\/wp-content\/uploads\/2026\/03\/AANEKOSKISAARIJARVI-3-212x300.jpg 212w, https:\/\/aanekoskenkeilahalli.fi\/wp-content\/uploads\/2026\/03\/AANEKOSKISAARIJARVI-3-768x1086.jpg 768w, https:\/\/aanekoskenkeilahalli.fi\/wp-content\/uploads\/2026\/03\/AANEKOSKISAARIJARVI-3-1086x1536.jpg 1086w, https:\/\/aanekoskenkeilahalli.fi\/wp-content\/uploads\/2026\/03\/AANEKOSKISAARIJARVI-3-1448x2048.jpg 1448w, https:\/\/aanekoskenkeilahalli.fi\/wp-content\/uploads\/2026\/03\/AANEKOSKISAARIJARVI-3.jpg 1587w\" sizes=\"auto, (max-width: 724px) 100vw, 724px\" \/><\/figure>\n<\/figure>\n\n\n\n<div class=\"wp-block-buttons is-layout-flex wp-block-buttons-is-layout-flex\">\n<div class=\"wp-block-button\"><a class=\"wp-block-button__link wp-element-button\" href=\"https:\/\/www.youtube.com\/@\u00c4\u00e4nekoskenkeilailuliitto\">LIVET \u00c4KL YOUTUBEKANAVALLA<\/a><\/div>\n\n\n\n<div class=\"wp-block-button\"><a class=\"wp-block-button__link wp-element-button\" href=\"https:\/\/syncscoring.meriq.com\/pankkari\/\">ONLINE SCORING<\/a><\/div>\n\n\n\n<div class=\"wp-block-button\"><a class=\"wp-block-button__link wp-element-button\" href=\"http:\/\/varaavuoro.com\/aanekoski\">VARAA VUORO<\/a><\/div>\n<\/div>\n\n\n\n<h2 class=\"wp-block-heading\">NYT \u00c4\u00c4NEKOSKELLA JA SAARIJ\u00c4RVELL\u00c4:<\/h2>\n\n\n\n<figure class=\"wp-block-image size-large\"><img loading=\"lazy\" decoding=\"async\" width=\"724\" height=\"1024\" src=\"https:\/\/aanekoskenkeilahalli.fi\/wp-content\/uploads\/2026\/03\/AANEKOSKISAARIJARVI-3-724x1024.jpg\" alt=\"\" class=\"wp-image-1045\" srcset=\"https:\/\/aanekoskenkeilahalli.fi\/wp-content\/uploads\/2026\/03\/AANEKOSKISAARIJARVI-3-724x1024.jpg 724w, https:\/\/aanekoskenkeilahalli.fi\/wp-content\/uploads\/2026\/03\/AANEKOSKISAARIJARVI-3-212x300.jpg 212w, https:\/\/aanekoskenkeilahalli.fi\/wp-content\/uploads\/2026\/03\/AANEKOSKISAARIJARVI-3-768x1086.jpg 768w, https:\/\/aanekoskenkeilahalli.fi\/wp-content\/uploads\/2026\/03\/AANEKOSKISAARIJARVI-3-1086x1536.jpg 1086w, https:\/\/aanekoskenkeilahalli.fi\/wp-content\/uploads\/2026\/03\/AANEKOSKISAARIJARVI-3-1448x2048.jpg 1448w, https:\/\/aanekoskenkeilahalli.fi\/wp-content\/uploads\/2026\/03\/AANEKOSKISAARIJARVI-3.jpg 1587w\" sizes=\"auto, (max-width: 724px) 100vw, 724px\" \/><\/figure>\n\n\n\n<div class=\"wp-block-buttons is-layout-flex wp-block-buttons-is-layout-flex\">\n<div class=\"wp-block-button\"><a class=\"wp-block-button__link wp-element-button\" href=\"https:\/\/kilpailut.keilailu.fi\/competitions\/21945\/\">Tulokset \u00c4\u00e4nekoski<\/a><\/div>\n\n\n\n<div class=\"wp-block-button\"><a class=\"wp-block-button__link wp-element-button\" href=\"https:\/\/kilpailut.keilailu.fi\/competitions\/21946\/\">Tulokset Saarij\u00e4rvi<\/a><\/div>\n\n\n\n<div class=\"wp-block-button\"><a class=\"wp-block-button__link wp-element-button\" href=\"http:\/\/bowling.lexerbowling.com\/pankkaribowling\/akllanerikoiskisa\">Lexer<\/a><\/div>\n\n\n\n<div class=\"wp-block-button\"><a class=\"wp-block-button__link wp-element-button\" href=\"https:\/\/docs.google.com\/spreadsheets\/d\/1nBqJyZuSOMhJ88xmKgR8bRBHcrr0V2GiPBHsoMsvJqQ\/edit?usp=sharing\">YHTEISTULOKSET<\/a><\/div>\n\n\n\n<div class=\"wp-block-button\"><a class=\"wp-block-button__link wp-element-button\" href=\"https:\/\/liikelataamo.fi\/fi-fi\/article\/etusivu\/akln-erikoinen-93-35\/279\/\">Saarij\u00e4rven Kisasivulle t\u00e4st\u00e4<\/a><\/div>\n<\/div>\n\n\n\n<div class=\"wp-block-group has-global-padding is-layout-constrained wp-block-group-is-layout-constrained\">\n<div class=\"wp-block-columns is-layout-flex wp-container-core-columns-is-layout-28f84493 wp-block-columns-is-layout-flex\">\n<div class=\"wp-block-column is-layout-flow wp-block-column-is-layout-flow\" style=\"flex-basis:66.66%\">\n<figure class=\"wp-block-image size-full\"><img loading=\"lazy\" decoding=\"async\" width=\"791\" height=\"671\" src=\"https:\/\/aanekoskenkeilahalli.fi\/wp-content\/uploads\/2026\/03\/Nayttokuva-2026-03-09-133231.png\" alt=\"\" class=\"wp-image-1065\" srcset=\"https:\/\/aanekoskenkeilahalli.fi\/wp-content\/uploads\/2026\/03\/Nayttokuva-2026-03-09-133231.png 791w, https:\/\/aanekoskenkeilahalli.fi\/wp-content\/uploads\/2026\/03\/Nayttokuva-2026-03-09-133231-300x254.png 300w, https:\/\/aanekoskenkeilahalli.fi\/wp-content\/uploads\/2026\/03\/Nayttokuva-2026-03-09-133231-768x651.png 768w\" sizes=\"auto, (max-width: 791px) 100vw, 791px\" \/><\/figure>\n<\/div>\n\n\n\n<div class=\"wp-block-column is-layout-flow wp-block-column-is-layout-flow\" style=\"flex-basis:33.33%\">\n<figure class=\"wp-block-image size-full\"><img loading=\"lazy\" decoding=\"async\" width=\"237\" height=\"692\" src=\"https:\/\/aanekoskenkeilahalli.fi\/wp-content\/uploads\/2026\/03\/kuva_2026-03-09_134127124.png\" alt=\"\" class=\"wp-image-1068\" srcset=\"https:\/\/aanekoskenkeilahalli.fi\/wp-content\/uploads\/2026\/03\/kuva_2026-03-09_134127124.png 237w, https:\/\/aanekoskenkeilahalli.fi\/wp-content\/uploads\/2026\/03\/kuva_2026-03-09_134127124-103x300.png 103w\" sizes=\"auto, (max-width: 237px) 100vw, 237px\" \/><\/figure>\n<\/div>\n<\/div>\n<\/div>\n\n\n\n<h2 class=\"wp-block-heading\">TULOSSA SEURAAVAKSI: Kes\u00e4kisa 2.0<\/h2>\n\n\n\n<figure class=\"wp-block-image size-large\"><img loading=\"lazy\" decoding=\"async\" width=\"724\" height=\"1024\" src=\"https:\/\/aanekoskenkeilahalli.fi\/wp-content\/uploads\/2026\/04\/KESAKISA-4-724x1024.jpg\" alt=\"\" class=\"wp-image-1112\" srcset=\"https:\/\/aanekoskenkeilahalli.fi\/wp-content\/uploads\/2026\/04\/KESAKISA-4-724x1024.jpg 724w, https:\/\/aanekoskenkeilahalli.fi\/wp-content\/uploads\/2026\/04\/KESAKISA-4-212x300.jpg 212w, https:\/\/aanekoskenkeilahalli.fi\/wp-content\/uploads\/2026\/04\/KESAKISA-4-768x1086.jpg 768w, https:\/\/aanekoskenkeilahalli.fi\/wp-content\/uploads\/2026\/04\/KESAKISA-4-1086x1536.jpg 1086w, https:\/\/aanekoskenkeilahalli.fi\/wp-content\/uploads\/2026\/04\/KESAKISA-4-1448x2048.jpg 1448w, https:\/\/aanekoskenkeilahalli.fi\/wp-content\/uploads\/2026\/04\/KESAKISA-4.jpg 1587w\" sizes=\"auto, (max-width: 724px) 100vw, 724px\" \/><\/figure>\n\n\n\n<p>LIS\u00c4INFO EXTRASTA: <em>Kilpailussa pelattava 300 extra pelataan No Urethane s\u00e4\u00e4nn\u00f6n mukaisesti, eli itse kisassa kaikki nykys\u00e4\u00e4nn\u00f6iss\u00e4 hyv\u00e4ksytyt pallot ovat sallittuja, mutta 300 extran voi voittaa vain reaktiivipallolla. 300 sarjaan lasketaan my\u00f6s tasoitus, eli keskivertokeilaajillakin on hyv\u00e4t mahdollisuudet palkintoon!<\/em> \ud83d\ude42<\/p>\n\n\n\n<figure class=\"wp-block-image size-large\"><img loading=\"lazy\" decoding=\"async\" width=\"1024\" height=\"576\" src=\"https:\/\/aanekoskenkeilahalli.fi\/wp-content\/uploads\/2025\/05\/kisamatkalla-meilla-voi-viipya-pidempaan-1024x576.jpg\" alt=\"\" class=\"wp-image-500\" srcset=\"https:\/\/aanekoskenkeilahalli.fi\/wp-content\/uploads\/2025\/05\/kisamatkalla-meilla-voi-viipya-pidempaan-1024x576.jpg 1024w, https:\/\/aanekoskenkeilahalli.fi\/wp-content\/uploads\/2025\/05\/kisamatkalla-meilla-voi-viipya-pidempaan-300x169.jpg 300w, https:\/\/aanekoskenkeilahalli.fi\/wp-content\/uploads\/2025\/05\/kisamatkalla-meilla-voi-viipya-pidempaan-768x432.jpg 768w, https:\/\/aanekoskenkeilahalli.fi\/wp-content\/uploads\/2025\/05\/kisamatkalla-meilla-voi-viipya-pidempaan-1536x864.jpg 1536w, https:\/\/aanekoskenkeilahalli.fi\/wp-content\/uploads\/2025\/05\/kisamatkalla-meilla-voi-viipya-pidempaan.jpg 1600w\" sizes=\"auto, (max-width: 1024px) 100vw, 1024px\" \/><\/figure>\n\n\n\n<div class=\"wp-block-buttons is-layout-flex wp-block-buttons-is-layout-flex\">\n<div class=\"wp-block-button\"><a class=\"wp-block-button__link wp-element-button\" href=\"https:\/\/booking.campliq.com\/booking\/JRu8H9dA3opmMDwh8lnx\">S\u00c4HK\u00d6TT\u00d6MIEN MATKAPARKKIEN VARAUS<\/a><\/div>\n\n\n\n<div class=\"wp-block-button\"><a class=\"wp-block-button__link wp-element-button\" href=\"https:\/\/booking.campliq.com\/booking\/a7fVX2G6C4Vt2vgvgxj8\">S\u00c4HK\u00d6LLISTEN MATKAPARKKIEN VARAUS<\/a><\/div>\n<\/div>\n\n\n\n<h2 class=\"wp-block-heading\">KosKan Paukut -erikoiskisa on p\u00e4\u00e4ttynyt!<\/h2>\n\n\n\n<div class=\"wp-block-buttons is-layout-flex wp-block-buttons-is-layout-flex\">\n<div class=\"wp-block-button\"><a class=\"wp-block-button__link wp-element-button\" href=\"https:\/\/kilpailut.keilailu.fi\/competitions\/21625\">Alkukilpailun tuloslinkki<\/a><\/div>\n\n\n\n<div class=\"wp-block-button\"><a class=\"wp-block-button__link wp-element-button\" href=\"https:\/\/bowling.lexerbowling.com\/pankkaribowling\/koskanpaukut\">Viikottaiset lexertulokset &#8211; sek\u00e4 finaalitulokset t\u00e4\u00e4ll\u00e4!<\/a><\/div>\n<\/div>\n\n\n\n<div class=\"wp-block-group alignfull is-layout-flow wp-block-group-is-layout-flow\">\n<div class=\"wp-block-group is-layout-flow wp-block-group-is-layout-flow\">\n<div class=\"wp-block-group alignfull has-global-padding is-layout-constrained wp-container-core-group-is-layout-0e61fcb4 wp-block-group-is-layout-constrained\" style=\"margin-top:0;margin-bottom:0;padding-top:var(--wp--preset--spacing--superbspacing-xxlarge);padding-right:var(--wp--preset--spacing--superbspacing-medium);padding-bottom:var(--wp--preset--spacing--superbspacing-xxlarge);padding-left:var(--wp--preset--spacing--superbspacing-medium)\">\n<div class=\"wp-block-group alignwide is-layout-flow wp-container-core-group-is-layout-1daf4bdd wp-block-group-is-layout-flow\" style=\"margin-top:0;margin-bottom:var(--wp--preset--spacing--superbspacing-large);padding-top:0;padding-right:0;padding-bottom:0;padding-left:0\">\n<figure class=\"wp-block-image aligncenter size-large has-custom-border is-style-default\"><img loading=\"lazy\" decoding=\"async\" width=\"1024\" height=\"594\" src=\"https:\/\/aanekoskenkeilahalli.fi\/wp-content\/uploads\/2024\/06\/WhatsApp-Image-2025-03-07-at-17.31.56-1024x594.jpg\" alt=\"\" class=\"wp-image-428\" style=\"border-radius:20px\" srcset=\"https:\/\/aanekoskenkeilahalli.fi\/wp-content\/uploads\/2024\/06\/WhatsApp-Image-2025-03-07-at-17.31.56-1024x594.jpg 1024w, https:\/\/aanekoskenkeilahalli.fi\/wp-content\/uploads\/2024\/06\/WhatsApp-Image-2025-03-07-at-17.31.56-300x174.jpg 300w, https:\/\/aanekoskenkeilahalli.fi\/wp-content\/uploads\/2024\/06\/WhatsApp-Image-2025-03-07-at-17.31.56-768x446.jpg 768w, https:\/\/aanekoskenkeilahalli.fi\/wp-content\/uploads\/2024\/06\/WhatsApp-Image-2025-03-07-at-17.31.56.jpg 1335w\" sizes=\"auto, (max-width: 1024px) 100vw, 1024px\" \/><\/figure>\n<\/div>\n\n\n\n<div class=\"wp-block-group has-global-padding is-layout-constrained wp-container-core-group-is-layout-f18e8693 wp-block-group-is-layout-constrained\" style=\"margin-top:0;margin-bottom:0;padding-top:0;padding-right:0;padding-bottom:0;padding-left:0\">\n<div class=\"wp-block-group is-vertical is-content-justification-center is-layout-flex wp-container-core-group-is-layout-2f3f8f86 wp-block-group-is-layout-flex\">\n<h1 class=\"wp-block-heading has-text-align-center has-primary-color has-text-color has-superbfont-xxsmall-font-size\" style=\"font-style:normal;font-weight:700;letter-spacing:5px;text-transform:uppercase\">\u00c4KLL\u00c4N AJANKOHTAISIA:<\/h1>\n\n\n\n<h2 class=\"wp-block-heading has-text-align-center has-superbfont-xlarge-font-size\">Kaatorikasta vuotta 2026!<\/h2>\n\n\n\n<p class=\"has-text-align-center has-secondary-color has-text-color has-superbfont-medium-font-size\">Tehd\u00e4\u00e4n yhdess\u00e4 vuodesta 2026 kaikkien aikojen keilailuvuosi!<\/p>\n\n\n\n<p class=\"has-text-align-center\">Keilailuliiton hallituksen kokous pidettiin \u00c4\u00e4nekoskella 14.1. Kokouksessa tehtiin p\u00e4\u00e4t\u00f6ksi\u00e4 kaupungin mestaruuskilpailusta ja liiton erikoiskisasta. P\u00e4\u00e4t\u00f6kset voi lukaista alla olevasta linkist\u00e4 \ud83d\ude42<\/p>\n\n\n\n<p><strong>KEV\u00c4TKOKOUS PIDET\u00c4\u00c4N SAARIJ\u00c4RVELL\u00c4 4.5.! Esityslista tulossa piakkoin.<\/strong><\/p>\n\n\n\n<p>\u00c4\u00c4NEKOSKEN KAUPUNGIN MESTARUUSKILPAILU pelattiin 9.2 &#8211; 1.3.2026<\/p>\n\n\n\n<p><a href=\"https:\/\/kilpailut.keilailu.fi\/competitions\/21948\/\">MESTARUUSKISAN ALKUKILPAILUTULOKSET<\/a> <\/p>\n\n\n\n<p>4.3. pelatun finaalin tulokset l\u00f6ytyv\u00e4t ylh\u00e4\u00e4lt\u00e4 koskan paukkujen lexerlinkist\u00e4 \ud83d\ude42<\/p>\n<\/div>\n\n\n\n<div class=\"wp-block-buttons is-content-justification-center is-layout-flex wp-container-core-buttons-is-layout-195c0355 wp-block-buttons-is-layout-flex\">\n<div class=\"wp-block-button is-style-outline is-style-outline--2\"><a class=\"wp-block-button__link has-superbfont-small-font-size has-custom-font-size wp-element-button\" href=\"https:\/\/docs.google.com\/document\/d\/1tDjkvlBcxinRY1GPb4oVerqOWgspkuopb2ZxCMeDVf0\/edit?usp=sharing\">Hallituksen p\u00f6yt\u00e4kirja 14.1.<\/a><\/div>\n\n\n\n<div class=\"wp-block-button\"><a class=\"wp-block-button__link has-superbfont-small-font-size has-custom-font-size wp-element-button\" href=\"https:\/\/docs.google.com\/document\/d\/1ys5k5Q3Vi5aFuJZ9nNbe2guQhzguPrg6WtK9KjBpqzs\/edit?usp=sharing\">Toimintakertomus 2025<\/a><\/div>\n<\/div>\n<\/div>\n<\/div>\n<\/div>\n<\/div>\n","protected":false},"excerpt":{"rendered":"<p>Vuonna 2026 \u00c4\u00e4nekosken keilahallilla pelataan yhteens\u00e4 5 isompaa erikoiskilpailua, joihin JOKAISEEN osallistumalla p\u00e4\u00e4see mukaan arvontaan, jossa koko vuoden erikoiskisasuorituksista ker\u00e4tty potti arvotaan jollekin onnekkaalle! Suorituksia, eli potin kertymist\u00e4, seurataan t\u00e4ll\u00e4 sivulla! Ensimm\u00e4inen viidest\u00e4 vuosikisan kisasta oli Kosken Kaatajien erikoiskilpailu, jonka on nyt pelattu!! Kisaajia Koskan paukuissa k\u00e4vi noin 90 ja suorituksia kertyi 230 kpl! T\u00e4m\u00e4 [&hellip;]<\/p>\n","protected":false},"author":1,"featured_media":0,"parent":0,"menu_order":0,"comment_status":"closed","ping_status":"closed","template":"","meta":{"footnotes":""},"class_list":["post-28","page","type-page","status-publish","hentry"],"_links":{"self":[{"href":"https:\/\/aanekoskenkeilahalli.fi\/index.php?rest_route=\/wp\/v2\/pages\/28","targetHints":{"allow":["GET"]}}],"collection":[{"href":"https:\/\/aanekoskenkeilahalli.fi\/index.php?rest_route=\/wp\/v2\/pages"}],"about":[{"href":"https:\/\/aanekoskenkeilahalli.fi\/index.php?rest_route=\/wp\/v2\/types\/page"}],"author":[{"embeddable":true,"href":"https:\/\/aanekoskenkeilahalli.fi\/index.php?rest_route=\/wp\/v2\/users\/1"}],"replies":[{"embeddable":true,"href":"https:\/\/aanekoskenkeilahalli.fi\/index.php?rest_route=%2Fwp%2Fv2%2Fcomments&post=28"}],"version-history":[{"count":332,"href":"https:\/\/aanekoskenkeilahalli.fi\/index.php?rest_route=\/wp\/v2\/pages\/28\/revisions"}],"predecessor-version":[{"id":1121,"href":"https:\/\/aanekoskenkeilahalli.fi\/index.php?rest_route=\/wp\/v2\/pages\/28\/revisions\/1121"}],"wp:attachment":[{"href":"https:\/\/aanekoskenkeilahalli.fi\/index.php?rest_route=%2Fwp%2Fv2%2Fmedia&parent=28"}],"curies":[{"name":"wp","href":"https:\/\/api.w.org\/{rel}","templated":true}]}}