{"id":124,"date":"2024-08-14T13:21:19","date_gmt":"2024-08-14T13:21:19","guid":{"rendered":"https:\/\/aanekoskenkeilahalli.fi\/?page_id=124"},"modified":"2026-02-12T14:39:52","modified_gmt":"2026-02-12T14:39:52","slug":"palvelumme","status":"publish","type":"page","link":"https:\/\/aanekoskenkeilahalli.fi\/?page_id=124","title":{"rendered":"Palvelumme &#8211; Sauna ja ravintola"},"content":{"rendered":"\n<p><strong>UUTUUTENA KEILAHALLILLA: DOUBLE AGENT -PAKOPELI!<\/strong> Peli on pelattavissa my\u00f6s kokoustiloissamme ja toimii loistavasti ohjelmanumerona niin kaveriporukoiden illanvietoissa kuin ty\u00f6paikan TYHY-p\u00e4iviss\u00e4kin! Pyyd\u00e4 tarjous sinulle sopivasta paketista!<\/p>\n\n\n\n<p>Palveluvalikoimamme yrityksille, yhdistyksille ja muille porukoille on t\u00e4ysin r\u00e4\u00e4t\u00e4l\u00f6it\u00e4viss\u00e4. <strong>Pankkarin yl\u00e4kerran kokous-, sauna- ja ravintolatilat ovat vuokrattavissa suoraan keilahallilta!<\/strong> Keilahallin palvelut taipuvatkin siis moneen ja Pankkari Areenan tilat tarjoavat lukemattomia mahdollisuuksia erilaisiin tarpeisiin ja juhliin; risti\u00e4isist\u00e4 hautajaisiin ja firman TyHy-p\u00e4ivist\u00e4 polttareihin! Ota siis rohkeasti yhteytt\u00e4! Meill\u00e4 viet\u00e4t niin huolettomat lasten syntym\u00e4p\u00e4iv\u00e4t kuin pidemm\u00e4tkin kokous- ja seminaarip\u00e4iv\u00e4t mukavasti ja helposti t\u00e4yden palvelun periaatteella! <strong>Meilt\u00e4 saat kaiken tarvitsemasi tilaisuuksiisi alkaen herkullisesta ruoasta aina r\u00e4\u00e4t\u00e4l\u00f6ityihin ohjelmapalveluihin saakka!<\/strong> Halusitpa sitten laulaa karaokea tai vaikka laskea koskea pyyd\u00e4 tarjousta sinulle sopivasta palvelupaketista; keilahalli@aanekoskenkeilahalli.fi, soita 040 8283583, tai laita klikkaillen vaikka oikean alakulman kotivalikkoa! \ud83d\ude42<\/p>\n\n\n\n<p>Tutustu Pankkari Areenaan virtuaalisesti mallinnuksen avulla. Mallin avulla p\u00e4\u00e4set vierailemaan my\u00f6s ravintolassa ja saunalla. Halutessasi voit my\u00f6s siirty\u00e4 suoraan <a href=\"https:\/\/my.matterport.com\/show\/?m=Zff5ymA1vtc&amp;cloudEdit=1&amp;ss=57&amp;sr=3.05,.05\" target=\"_blank\" rel=\"noreferrer noopener\">kabinettiin<\/a>, <a href=\"https:\/\/my.matterport.com\/show\/?m=Zff5ymA1vtc&amp;cloudEdit=1&amp;ss=53&amp;sr=.13,.8\" target=\"_blank\" rel=\"noreferrer noopener\">saunalle<\/a> tai <a href=\"https:\/\/my.matterport.com\/show\/?m=Zff5ymA1vtc&amp;cloudEdit=1&amp;ss=77&amp;sr=2.73,1.07\" target=\"_blank\" rel=\"noreferrer noopener\">ravintolaan<\/a>.<\/p>\n\n\n<p><iframe loading=\"lazy\" src=\"https:\/\/my.matterport.com\/show\/?m=Zff5ymA1vtc\" width=\"853\" height=\"480\" frameborder=\"0\" allowfullscreen=\"allowfullscreen\"><\/iframe><\/p>\n\n\n<ul class=\"wp-block-social-links aligncenter has-icon-color is-style-logos-only is-content-justification-right is-layout-flex wp-container-core-social-links-is-layout-d445cf74 wp-block-social-links-is-layout-flex\"><li style=\"color:#64748B;\" class=\"wp-social-link wp-social-link-facebook has-mono-2-color wp-block-social-link\"><a href=\"https:\/\/www.facebook.com\/people\/\u00c4\u00e4nekosken-keilahalli-20\/61561325976460\/\" class=\"wp-block-social-link-anchor\"><svg width=\"24\" height=\"24\" viewBox=\"0 0 24 24\" version=\"1.1\" xmlns=\"http:\/\/www.w3.org\/2000\/svg\" aria-hidden=\"true\" focusable=\"false\"><path d=\"M12 2C6.5 2 2 6.5 2 12c0 5 3.7 9.1 8.4 9.9v-7H7.9V12h2.5V9.8c0-2.5 1.5-3.9 3.8-3.9 1.1 0 2.2.2 2.2.2v2.5h-1.3c-1.2 0-1.6.8-1.6 1.6V12h2.8l-.4 2.9h-2.3v7C18.3 21.1 22 17 22 12c0-5.5-4.5-10-10-10z\"><\/path><\/svg><span class=\"wp-block-social-link-label screen-reader-text\">Facebook<\/span><\/a><\/li>\n\n<li style=\"color:#64748B;\" class=\"wp-social-link wp-social-link-instagram has-mono-2-color wp-block-social-link\"><a href=\"https:\/\/instagram.com\/aanekosken.keilahalli.2.0\" class=\"wp-block-social-link-anchor\"><svg width=\"24\" height=\"24\" viewBox=\"0 0 24 24\" version=\"1.1\" xmlns=\"http:\/\/www.w3.org\/2000\/svg\" aria-hidden=\"true\" focusable=\"false\"><path d=\"M12,4.622c2.403,0,2.688,0.009,3.637,0.052c0.877,0.04,1.354,0.187,1.671,0.31c0.42,0.163,0.72,0.358,1.035,0.673 c0.315,0.315,0.51,0.615,0.673,1.035c0.123,0.317,0.27,0.794,0.31,1.671c0.043,0.949,0.052,1.234,0.052,3.637 s-0.009,2.688-0.052,3.637c-0.04,0.877-0.187,1.354-0.31,1.671c-0.163,0.42-0.358,0.72-0.673,1.035 c-0.315,0.315-0.615,0.51-1.035,0.673c-0.317,0.123-0.794,0.27-1.671,0.31c-0.949,0.043-1.233,0.052-3.637,0.052 s-2.688-0.009-3.637-0.052c-0.877-0.04-1.354-0.187-1.671-0.31c-0.42-0.163-0.72-0.358-1.035-0.673 c-0.315-0.315-0.51-0.615-0.673-1.035c-0.123-0.317-0.27-0.794-0.31-1.671C4.631,14.688,4.622,14.403,4.622,12 s0.009-2.688,0.052-3.637c0.04-0.877,0.187-1.354,0.31-1.671c0.163-0.42,0.358-0.72,0.673-1.035 c0.315-0.315,0.615-0.51,1.035-0.673c0.317-0.123,0.794-0.27,1.671-0.31C9.312,4.631,9.597,4.622,12,4.622 M12,3 C9.556,3,9.249,3.01,8.289,3.054C7.331,3.098,6.677,3.25,6.105,3.472C5.513,3.702,5.011,4.01,4.511,4.511 c-0.5,0.5-0.808,1.002-1.038,1.594C3.25,6.677,3.098,7.331,3.054,8.289C3.01,9.249,3,9.556,3,12c0,2.444,0.01,2.751,0.054,3.711 c0.044,0.958,0.196,1.612,0.418,2.185c0.23,0.592,0.538,1.094,1.038,1.594c0.5,0.5,1.002,0.808,1.594,1.038 c0.572,0.222,1.227,0.375,2.185,0.418C9.249,20.99,9.556,21,12,21s2.751-0.01,3.711-0.054c0.958-0.044,1.612-0.196,2.185-0.418 c0.592-0.23,1.094-0.538,1.594-1.038c0.5-0.5,0.808-1.002,1.038-1.594c0.222-0.572,0.375-1.227,0.418-2.185 C20.99,14.751,21,14.444,21,12s-0.01-2.751-0.054-3.711c-0.044-0.958-0.196-1.612-0.418-2.185c-0.23-0.592-0.538-1.094-1.038-1.594 c-0.5-0.5-1.002-0.808-1.594-1.038c-0.572-0.222-1.227-0.375-2.185-0.418C14.751,3.01,14.444,3,12,3L12,3z M12,7.378 c-2.552,0-4.622,2.069-4.622,4.622S9.448,16.622,12,16.622s4.622-2.069,4.622-4.622S14.552,7.378,12,7.378z M12,15 c-1.657,0-3-1.343-3-3s1.343-3,3-3s3,1.343,3,3S13.657,15,12,15z M16.804,6.116c-0.596,0-1.08,0.484-1.08,1.08 s0.484,1.08,1.08,1.08c0.596,0,1.08-0.484,1.08-1.08S17.401,6.116,16.804,6.116z\"><\/path><\/svg><span class=\"wp-block-social-link-label screen-reader-text\">Instagram<\/span><\/a><\/li>\n\n<li style=\"color:#64748B;\" class=\"wp-social-link wp-social-link-tiktok has-mono-2-color wp-block-social-link\"><a href=\"https:\/\/www.tiktok.com\/@aanenekosken.keilahalli\" class=\"wp-block-social-link-anchor\"><svg width=\"24\" height=\"24\" viewBox=\"0 0 32 32\" version=\"1.1\" xmlns=\"http:\/\/www.w3.org\/2000\/svg\" aria-hidden=\"true\" focusable=\"false\"><path d=\"M16.708 0.027c1.745-0.027 3.48-0.011 5.213-0.027 0.105 2.041 0.839 4.12 2.333 5.563 1.491 1.479 3.6 2.156 5.652 2.385v5.369c-1.923-0.063-3.855-0.463-5.6-1.291-0.76-0.344-1.468-0.787-2.161-1.24-0.009 3.896 0.016 7.787-0.025 11.667-0.104 1.864-0.719 3.719-1.803 5.255-1.744 2.557-4.771 4.224-7.88 4.276-1.907 0.109-3.812-0.411-5.437-1.369-2.693-1.588-4.588-4.495-4.864-7.615-0.032-0.667-0.043-1.333-0.016-1.984 0.24-2.537 1.495-4.964 3.443-6.615 2.208-1.923 5.301-2.839 8.197-2.297 0.027 1.975-0.052 3.948-0.052 5.923-1.323-0.428-2.869-0.308-4.025 0.495-0.844 0.547-1.485 1.385-1.819 2.333-0.276 0.676-0.197 1.427-0.181 2.145 0.317 2.188 2.421 4.027 4.667 3.828 1.489-0.016 2.916-0.88 3.692-2.145 0.251-0.443 0.532-0.896 0.547-1.417 0.131-2.385 0.079-4.76 0.095-7.145 0.011-5.375-0.016-10.735 0.025-16.093z\" \/><\/svg><span class=\"wp-block-social-link-label screen-reader-text\">TikTok<\/span><\/a><\/li><\/ul>\n\n\n\n<figure class=\"wp-block-gallery has-nested-images columns-default is-cropped wp-block-gallery-1 is-layout-flex wp-block-gallery-is-layout-flex\">\n<figure class=\"wp-block-image size-large\"><img loading=\"lazy\" decoding=\"async\" width=\"1024\" height=\"718\" data-id=\"169\" src=\"https:\/\/aanekoskenkeilahalli.fi\/wp-content\/uploads\/2024\/09\/DSC_6663-1024x718.jpg\" alt=\"\" class=\"wp-image-169\" srcset=\"https:\/\/aanekoskenkeilahalli.fi\/wp-content\/uploads\/2024\/09\/DSC_6663-1024x718.jpg 1024w, https:\/\/aanekoskenkeilahalli.fi\/wp-content\/uploads\/2024\/09\/DSC_6663-300x210.jpg 300w, https:\/\/aanekoskenkeilahalli.fi\/wp-content\/uploads\/2024\/09\/DSC_6663-768x539.jpg 768w, https:\/\/aanekoskenkeilahalli.fi\/wp-content\/uploads\/2024\/09\/DSC_6663-1536x1077.jpg 1536w, https:\/\/aanekoskenkeilahalli.fi\/wp-content\/uploads\/2024\/09\/DSC_6663.jpg 2048w\" sizes=\"auto, (max-width: 1024px) 100vw, 1024px\" \/><\/figure>\n\n\n\n<figure class=\"wp-block-image size-large\"><img loading=\"lazy\" decoding=\"async\" width=\"724\" height=\"1024\" data-id=\"973\" src=\"https:\/\/aanekoskenkeilahalli.fi\/wp-content\/uploads\/2026\/01\/tilausmenu-1-724x1024.jpg\" alt=\"\" class=\"wp-image-973\" srcset=\"https:\/\/aanekoskenkeilahalli.fi\/wp-content\/uploads\/2026\/01\/tilausmenu-1-724x1024.jpg 724w, https:\/\/aanekoskenkeilahalli.fi\/wp-content\/uploads\/2026\/01\/tilausmenu-1-212x300.jpg 212w, https:\/\/aanekoskenkeilahalli.fi\/wp-content\/uploads\/2026\/01\/tilausmenu-1-768x1086.jpg 768w, https:\/\/aanekoskenkeilahalli.fi\/wp-content\/uploads\/2026\/01\/tilausmenu-1-1086x1536.jpg 1086w, https:\/\/aanekoskenkeilahalli.fi\/wp-content\/uploads\/2026\/01\/tilausmenu-1-1448x2048.jpg 1448w, https:\/\/aanekoskenkeilahalli.fi\/wp-content\/uploads\/2026\/01\/tilausmenu-1.jpg 1587w\" sizes=\"auto, (max-width: 724px) 100vw, 724px\" \/><\/figure>\n\n\n\n<figure class=\"wp-block-image size-large\"><img loading=\"lazy\" decoding=\"async\" width=\"768\" height=\"1024\" data-id=\"189\" src=\"https:\/\/aanekoskenkeilahalli.fi\/wp-content\/uploads\/2024\/10\/WhatsApp-Image-2024-10-07-at-16.07.23-1-1-768x1024.jpeg\" alt=\"\" class=\"wp-image-189\" srcset=\"https:\/\/aanekoskenkeilahalli.fi\/wp-content\/uploads\/2024\/10\/WhatsApp-Image-2024-10-07-at-16.07.23-1-1-768x1024.jpeg 768w, https:\/\/aanekoskenkeilahalli.fi\/wp-content\/uploads\/2024\/10\/WhatsApp-Image-2024-10-07-at-16.07.23-1-1-225x300.jpeg 225w, https:\/\/aanekoskenkeilahalli.fi\/wp-content\/uploads\/2024\/10\/WhatsApp-Image-2024-10-07-at-16.07.23-1-1-1152x1536.jpeg 1152w, https:\/\/aanekoskenkeilahalli.fi\/wp-content\/uploads\/2024\/10\/WhatsApp-Image-2024-10-07-at-16.07.23-1-1.jpeg 1200w\" sizes=\"auto, (max-width: 768px) 100vw, 768px\" \/><\/figure>\n<\/figure>\n\n\n\n<figure class=\"wp-block-gallery has-nested-images columns-default is-cropped wp-block-gallery-2 is-layout-flex wp-block-gallery-is-layout-flex\">\n<figure class=\"wp-block-image size-large\"><img loading=\"lazy\" decoding=\"async\" width=\"724\" height=\"1024\" data-id=\"972\" src=\"https:\/\/aanekoskenkeilahalli.fi\/wp-content\/uploads\/2026\/01\/Hallimenu-1-724x1024.jpg\" alt=\"\" class=\"wp-image-972\" srcset=\"https:\/\/aanekoskenkeilahalli.fi\/wp-content\/uploads\/2026\/01\/Hallimenu-1-724x1024.jpg 724w, https:\/\/aanekoskenkeilahalli.fi\/wp-content\/uploads\/2026\/01\/Hallimenu-1-212x300.jpg 212w, https:\/\/aanekoskenkeilahalli.fi\/wp-content\/uploads\/2026\/01\/Hallimenu-1-768x1086.jpg 768w, https:\/\/aanekoskenkeilahalli.fi\/wp-content\/uploads\/2026\/01\/Hallimenu-1-1086x1536.jpg 1086w, https:\/\/aanekoskenkeilahalli.fi\/wp-content\/uploads\/2026\/01\/Hallimenu-1-1448x2048.jpg 1448w, https:\/\/aanekoskenkeilahalli.fi\/wp-content\/uploads\/2026\/01\/Hallimenu-1.jpg 1587w\" sizes=\"auto, (max-width: 724px) 100vw, 724px\" \/><\/figure>\n\n\n\n<figure class=\"wp-block-image size-large\"><img loading=\"lazy\" decoding=\"async\" width=\"1024\" height=\"768\" data-id=\"765\" src=\"https:\/\/aanekoskenkeilahalli.fi\/wp-content\/uploads\/2025\/10\/WhatsApp-Image-2025-10-17-at-20.38.06-1024x768.jpeg\" alt=\"\" class=\"wp-image-765\" srcset=\"https:\/\/aanekoskenkeilahalli.fi\/wp-content\/uploads\/2025\/10\/WhatsApp-Image-2025-10-17-at-20.38.06-1024x768.jpeg 1024w, https:\/\/aanekoskenkeilahalli.fi\/wp-content\/uploads\/2025\/10\/WhatsApp-Image-2025-10-17-at-20.38.06-300x225.jpeg 300w, https:\/\/aanekoskenkeilahalli.fi\/wp-content\/uploads\/2025\/10\/WhatsApp-Image-2025-10-17-at-20.38.06-768x576.jpeg 768w, https:\/\/aanekoskenkeilahalli.fi\/wp-content\/uploads\/2025\/10\/WhatsApp-Image-2025-10-17-at-20.38.06-1536x1152.jpeg 1536w, https:\/\/aanekoskenkeilahalli.fi\/wp-content\/uploads\/2025\/10\/WhatsApp-Image-2025-10-17-at-20.38.06.jpeg 1600w\" sizes=\"auto, (max-width: 1024px) 100vw, 1024px\" \/><\/figure>\n\n\n\n<figure class=\"wp-block-image size-large\"><img loading=\"lazy\" decoding=\"async\" width=\"1024\" height=\"768\" data-id=\"191\" src=\"https:\/\/aanekoskenkeilahalli.fi\/wp-content\/uploads\/2024\/10\/WhatsApp-Image-2024-10-07-at-16.07.23-2-1-1024x768.jpeg\" alt=\"\" class=\"wp-image-191\" srcset=\"https:\/\/aanekoskenkeilahalli.fi\/wp-content\/uploads\/2024\/10\/WhatsApp-Image-2024-10-07-at-16.07.23-2-1-1024x768.jpeg 1024w, https:\/\/aanekoskenkeilahalli.fi\/wp-content\/uploads\/2024\/10\/WhatsApp-Image-2024-10-07-at-16.07.23-2-1-300x225.jpeg 300w, https:\/\/aanekoskenkeilahalli.fi\/wp-content\/uploads\/2024\/10\/WhatsApp-Image-2024-10-07-at-16.07.23-2-1-768x576.jpeg 768w, https:\/\/aanekoskenkeilahalli.fi\/wp-content\/uploads\/2024\/10\/WhatsApp-Image-2024-10-07-at-16.07.23-2-1-1536x1152.jpeg 1536w, https:\/\/aanekoskenkeilahalli.fi\/wp-content\/uploads\/2024\/10\/WhatsApp-Image-2024-10-07-at-16.07.23-2-1.jpeg 1600w\" sizes=\"auto, (max-width: 1024px) 100vw, 1024px\" \/><\/figure>\n<\/figure>\n\n\n\n<figure class=\"wp-block-gallery has-nested-images columns-default is-cropped wp-block-gallery-3 is-layout-flex wp-block-gallery-is-layout-flex\">\n<figure class=\"wp-block-image size-large\"><img loading=\"lazy\" decoding=\"async\" width=\"768\" height=\"1024\" data-id=\"193\" src=\"https:\/\/aanekoskenkeilahalli.fi\/wp-content\/uploads\/2024\/10\/WhatsApp-Image-2024-10-07-at-16.17.06-768x1024.jpeg\" alt=\"\" class=\"wp-image-193\" srcset=\"https:\/\/aanekoskenkeilahalli.fi\/wp-content\/uploads\/2024\/10\/WhatsApp-Image-2024-10-07-at-16.17.06-768x1024.jpeg 768w, https:\/\/aanekoskenkeilahalli.fi\/wp-content\/uploads\/2024\/10\/WhatsApp-Image-2024-10-07-at-16.17.06-225x300.jpeg 225w, https:\/\/aanekoskenkeilahalli.fi\/wp-content\/uploads\/2024\/10\/WhatsApp-Image-2024-10-07-at-16.17.06-1152x1536.jpeg 1152w, https:\/\/aanekoskenkeilahalli.fi\/wp-content\/uploads\/2024\/10\/WhatsApp-Image-2024-10-07-at-16.17.06.jpeg 1200w\" sizes=\"auto, (max-width: 768px) 100vw, 768px\" \/><\/figure>\n\n\n\n<figure class=\"wp-block-image size-large\"><img loading=\"lazy\" decoding=\"async\" width=\"1024\" height=\"768\" data-id=\"358\" src=\"https:\/\/aanekoskenkeilahalli.fi\/wp-content\/uploads\/2025\/01\/WhatsApp-Image-2025-01-08-at-14.26.33-1024x768.jpeg\" alt=\"\" class=\"wp-image-358\" srcset=\"https:\/\/aanekoskenkeilahalli.fi\/wp-content\/uploads\/2025\/01\/WhatsApp-Image-2025-01-08-at-14.26.33-1024x768.jpeg 1024w, https:\/\/aanekoskenkeilahalli.fi\/wp-content\/uploads\/2025\/01\/WhatsApp-Image-2025-01-08-at-14.26.33-300x225.jpeg 300w, https:\/\/aanekoskenkeilahalli.fi\/wp-content\/uploads\/2025\/01\/WhatsApp-Image-2025-01-08-at-14.26.33-768x576.jpeg 768w, https:\/\/aanekoskenkeilahalli.fi\/wp-content\/uploads\/2025\/01\/WhatsApp-Image-2025-01-08-at-14.26.33-1536x1152.jpeg 1536w, https:\/\/aanekoskenkeilahalli.fi\/wp-content\/uploads\/2025\/01\/WhatsApp-Image-2025-01-08-at-14.26.33.jpeg 2000w\" sizes=\"auto, (max-width: 1024px) 100vw, 1024px\" \/><\/figure>\n\n\n\n<figure class=\"wp-block-image size-large\"><img loading=\"lazy\" decoding=\"async\" width=\"724\" height=\"1024\" data-id=\"567\" src=\"https:\/\/aanekoskenkeilahalli.fi\/wp-content\/uploads\/2025\/06\/palvelu-724x1024.jpg\" alt=\"\" class=\"wp-image-567\" srcset=\"https:\/\/aanekoskenkeilahalli.fi\/wp-content\/uploads\/2025\/06\/palvelu-724x1024.jpg 724w, https:\/\/aanekoskenkeilahalli.fi\/wp-content\/uploads\/2025\/06\/palvelu-212x300.jpg 212w, https:\/\/aanekoskenkeilahalli.fi\/wp-content\/uploads\/2025\/06\/palvelu-768x1086.jpg 768w, https:\/\/aanekoskenkeilahalli.fi\/wp-content\/uploads\/2025\/06\/palvelu-1086x1536.jpg 1086w, https:\/\/aanekoskenkeilahalli.fi\/wp-content\/uploads\/2025\/06\/palvelu-1448x2048.jpg 1448w, https:\/\/aanekoskenkeilahalli.fi\/wp-content\/uploads\/2025\/06\/palvelu.jpg 1587w\" sizes=\"auto, (max-width: 724px) 100vw, 724px\" \/><\/figure>\n<\/figure>\n","protected":false},"excerpt":{"rendered":"<p>UUTUUTENA KEILAHALLILLA: DOUBLE AGENT -PAKOPELI! Peli on pelattavissa my\u00f6s kokoustiloissamme ja toimii loistavasti ohjelmanumerona niin kaveriporukoiden illanvietoissa kuin ty\u00f6paikan TYHY-p\u00e4iviss\u00e4kin! Pyyd\u00e4 tarjous sinulle sopivasta paketista! Palveluvalikoimamme yrityksille, yhdistyksille ja muille porukoille on t\u00e4ysin r\u00e4\u00e4t\u00e4l\u00f6it\u00e4viss\u00e4. Pankkarin yl\u00e4kerran kokous-, sauna- ja ravintolatilat ovat vuokrattavissa suoraan keilahallilta! Keilahallin palvelut taipuvatkin siis moneen ja Pankkari Areenan tilat tarjoavat lukemattomia [&hellip;]<\/p>\n","protected":false},"author":1,"featured_media":0,"parent":0,"menu_order":0,"comment_status":"closed","ping_status":"closed","template":"","meta":{"footnotes":""},"class_list":["post-124","page","type-page","status-publish","hentry"],"_links":{"self":[{"href":"https:\/\/aanekoskenkeilahalli.fi\/index.php?rest_route=\/wp\/v2\/pages\/124","targetHints":{"allow":["GET"]}}],"collection":[{"href":"https:\/\/aanekoskenkeilahalli.fi\/index.php?rest_route=\/wp\/v2\/pages"}],"about":[{"href":"https:\/\/aanekoskenkeilahalli.fi\/index.php?rest_route=\/wp\/v2\/types\/page"}],"author":[{"embeddable":true,"href":"https:\/\/aanekoskenkeilahalli.fi\/index.php?rest_route=\/wp\/v2\/users\/1"}],"replies":[{"embeddable":true,"href":"https:\/\/aanekoskenkeilahalli.fi\/index.php?rest_route=%2Fwp%2Fv2%2Fcomments&post=124"}],"version-history":[{"count":36,"href":"https:\/\/aanekoskenkeilahalli.fi\/index.php?rest_route=\/wp\/v2\/pages\/124\/revisions"}],"predecessor-version":[{"id":1030,"href":"https:\/\/aanekoskenkeilahalli.fi\/index.php?rest_route=\/wp\/v2\/pages\/124\/revisions\/1030"}],"wp:attachment":[{"href":"https:\/\/aanekoskenkeilahalli.fi\/index.php?rest_route=%2Fwp%2Fv2%2Fmedia&parent=124"}],"curies":[{"name":"wp","href":"https:\/\/api.w.org\/{rel}","templated":true}]}}